{"id":2,"date":"2014-10-29T17:05:56","date_gmt":"2014-10-29T17:05:56","guid":{"rendered":"http:\/\/www.informatica-vmsis.es\/resenwp\/?page_id=2"},"modified":"2021-04-06T11:19:50","modified_gmt":"2021-04-06T11:19:50","slug":"sample-page","status":"publish","type":"page","link":"https:\/\/www.resen.cat\/","title":{"rendered":"\u00bfQui\u00e9nes Somos?"},"content":{"rendered":"<p>RESEN tiene un contrato de colaboraci\u00f3n con <strong>Endesa<\/strong> desde el a\u00f1o 2000. Actualmente trabajamos en Barcelona, Badalona, Santa Coloma de Gramenet y tambi\u00e9n en otras localidades de la provincia de Barcelona.<\/p>\n<p>El contrato entre <strong>Endesa<\/strong> y <strong>RESEN<\/strong> incluye los trabajos de mantenimiento, revisi\u00f3n y reparaci\u00f3n de instalaciones el\u00e9ctricas y de gas y atenci\u00f3n al cliente a trav\u00e9s de dos Punts de Servei.<\/p>\n<p><strong>RESEN<\/strong> ofrece servicios con t\u00e9cnicos especializados para todo tipo de instalaciones el\u00e9ctricas, de agua y de gas.<\/p>\n","protected":false},"excerpt":{"rendered":"<p>RESEN tiene un contrato de colaboraci\u00f3n con Endesa desde el a\u00f1o 2000. Actualmente trabajamos en Barcelona, Badalona, Santa Coloma de Gramenet y tambi\u00e9n en otras localidades de la provincia de Barcelona. El contrato entre Endesa y RESEN incluye los trabajos de mantenimiento, revisi\u00f3n y reparaci\u00f3n de instalaciones el\u00e9ctricas y de gas y atenci\u00f3n al cliente<span class=\"post-excerpt-end\">&hellip;<\/span><\/p>\n<p class=\"more-link\"><a href=\"https:\/\/www.resen.cat\/\" class=\"themebutton\">Leer m\u00e1s<\/a><\/p>\n","protected":false},"author":1,"featured_media":42,"parent":0,"menu_order":0,"comment_status":"open","ping_status":"open","template":"page-full.php","meta":{"footnotes":""},"yoast_head":"<!-- This site is optimized with the Yoast SEO plugin v22.2 - https:\/\/yoast.com\/wordpress\/plugins\/seo\/ -->\n<title>\u00bfQui\u00e9nes Somos? - Resen<\/title>\n<meta name=\"robots\" content=\"index, follow, max-snippet:-1, max-image-preview:large, max-video-preview:-1\" \/>\n<link rel=\"canonical\" href=\"http:\/\/www.resen.cat\/\" \/>\n<meta property=\"og:locale\" content=\"es_ES\" \/>\n<meta property=\"og:type\" content=\"article\" \/>\n<meta property=\"og:title\" content=\"\u00bfQui\u00e9nes Somos? - Resen\" \/>\n<meta property=\"og:description\" content=\"RESEN tiene un contrato de colaboraci\u00f3n con Endesa desde el a\u00f1o 2000. Actualmente trabajamos en Barcelona, Badalona, Santa Coloma de Gramenet y tambi\u00e9n en otras localidades de la provincia de Barcelona. El contrato entre Endesa y RESEN incluye los trabajos de mantenimiento, revisi\u00f3n y reparaci\u00f3n de instalaciones el\u00e9ctricas y de gas y atenci\u00f3n al cliente&hellip;Leer m\u00e1s\" \/>\n<meta property=\"og:url\" content=\"http:\/\/www.resen.cat\/\" \/>\n<meta property=\"og:site_name\" content=\"Resen\" \/>\n<meta property=\"article:modified_time\" content=\"2021-04-06T11:19:50+00:00\" \/>\n<meta property=\"og:image\" content=\"http:\/\/www.resen.cat\/wp-content\/uploads\/2014\/10\/lamp-432248_640.jpg\" \/>\n\t<meta property=\"og:image:width\" content=\"640\" \/>\n\t<meta property=\"og:image:height\" content=\"426\" \/>\n\t<meta property=\"og:image:type\" content=\"image\/jpeg\" \/>\n<meta name=\"twitter:card\" content=\"summary_large_image\" \/>\n<script type=\"application\/ld+json\" class=\"yoast-schema-graph\">{\"@context\":\"https:\/\/schema.org\",\"@graph\":[{\"@type\":\"WebPage\",\"@id\":\"http:\/\/www.resen.cat\/\",\"url\":\"http:\/\/www.resen.cat\/\",\"name\":\"\u00bfQui\u00e9nes Somos? - Resen\",\"isPartOf\":{\"@id\":\"http:\/\/www.resen.cat\/#website\"},\"primaryImageOfPage\":{\"@id\":\"http:\/\/www.resen.cat\/#primaryimage\"},\"image\":{\"@id\":\"http:\/\/www.resen.cat\/#primaryimage\"},\"thumbnailUrl\":\"https:\/\/www.resen.cat\/wp-content\/uploads\/2014\/10\/lamp-432248_640.jpg\",\"datePublished\":\"2014-10-29T17:05:56+00:00\",\"dateModified\":\"2021-04-06T11:19:50+00:00\",\"breadcrumb\":{\"@id\":\"http:\/\/www.resen.cat\/#breadcrumb\"},\"inLanguage\":\"es\",\"potentialAction\":[{\"@type\":\"ReadAction\",\"target\":[\"http:\/\/www.resen.cat\/\"]}]},{\"@type\":\"ImageObject\",\"inLanguage\":\"es\",\"@id\":\"http:\/\/www.resen.cat\/#primaryimage\",\"url\":\"https:\/\/www.resen.cat\/wp-content\/uploads\/2014\/10\/lamp-432248_640.jpg\",\"contentUrl\":\"https:\/\/www.resen.cat\/wp-content\/uploads\/2014\/10\/lamp-432248_640.jpg\",\"width\":640,\"height\":426},{\"@type\":\"BreadcrumbList\",\"@id\":\"http:\/\/www.resen.cat\/#breadcrumb\",\"itemListElement\":[{\"@type\":\"ListItem\",\"position\":1,\"name\":\"Portada\",\"item\":\"http:\/\/www.resen.cat\/\"},{\"@type\":\"ListItem\",\"position\":2,\"name\":\"\u00bfQui\u00e9nes Somos?\"}]},{\"@type\":\"WebSite\",\"@id\":\"http:\/\/www.resen.cat\/#website\",\"url\":\"http:\/\/www.resen.cat\/\",\"name\":\"Resen\",\"description\":\"Realizaci\u00f3n de estudios y servicios energeticos\",\"potentialAction\":[{\"@type\":\"SearchAction\",\"target\":{\"@type\":\"EntryPoint\",\"urlTemplate\":\"http:\/\/www.resen.cat\/?s={search_term_string}\"},\"query-input\":\"required name=search_term_string\"}],\"inLanguage\":\"es\"}]}<\/script>\n<!-- \/ Yoast SEO plugin. -->","yoast_head_json":{"title":"\u00bfQui\u00e9nes Somos? - Resen","robots":{"index":"index","follow":"follow","max-snippet":"max-snippet:-1","max-image-preview":"max-image-preview:large","max-video-preview":"max-video-preview:-1"},"canonical":"http:\/\/www.resen.cat\/","og_locale":"es_ES","og_type":"article","og_title":"\u00bfQui\u00e9nes Somos? - Resen","og_description":"RESEN tiene un contrato de colaboraci\u00f3n con Endesa desde el a\u00f1o 2000. Actualmente trabajamos en Barcelona, Badalona, Santa Coloma de Gramenet y tambi\u00e9n en otras localidades de la provincia de Barcelona. El contrato entre Endesa y RESEN incluye los trabajos de mantenimiento, revisi\u00f3n y reparaci\u00f3n de instalaciones el\u00e9ctricas y de gas y atenci\u00f3n al cliente&hellip;Leer m\u00e1s","og_url":"http:\/\/www.resen.cat\/","og_site_name":"Resen","article_modified_time":"2021-04-06T11:19:50+00:00","og_image":[{"width":640,"height":426,"url":"http:\/\/www.resen.cat\/wp-content\/uploads\/2014\/10\/lamp-432248_640.jpg","type":"image\/jpeg"}],"twitter_card":"summary_large_image","schema":{"@context":"https:\/\/schema.org","@graph":[{"@type":"WebPage","@id":"http:\/\/www.resen.cat\/","url":"http:\/\/www.resen.cat\/","name":"\u00bfQui\u00e9nes Somos? - Resen","isPartOf":{"@id":"http:\/\/www.resen.cat\/#website"},"primaryImageOfPage":{"@id":"http:\/\/www.resen.cat\/#primaryimage"},"image":{"@id":"http:\/\/www.resen.cat\/#primaryimage"},"thumbnailUrl":"https:\/\/www.resen.cat\/wp-content\/uploads\/2014\/10\/lamp-432248_640.jpg","datePublished":"2014-10-29T17:05:56+00:00","dateModified":"2021-04-06T11:19:50+00:00","breadcrumb":{"@id":"http:\/\/www.resen.cat\/#breadcrumb"},"inLanguage":"es","potentialAction":[{"@type":"ReadAction","target":["http:\/\/www.resen.cat\/"]}]},{"@type":"ImageObject","inLanguage":"es","@id":"http:\/\/www.resen.cat\/#primaryimage","url":"https:\/\/www.resen.cat\/wp-content\/uploads\/2014\/10\/lamp-432248_640.jpg","contentUrl":"https:\/\/www.resen.cat\/wp-content\/uploads\/2014\/10\/lamp-432248_640.jpg","width":640,"height":426},{"@type":"BreadcrumbList","@id":"http:\/\/www.resen.cat\/#breadcrumb","itemListElement":[{"@type":"ListItem","position":1,"name":"Portada","item":"http:\/\/www.resen.cat\/"},{"@type":"ListItem","position":2,"name":"\u00bfQui\u00e9nes Somos?"}]},{"@type":"WebSite","@id":"http:\/\/www.resen.cat\/#website","url":"http:\/\/www.resen.cat\/","name":"Resen","description":"Realizaci\u00f3n de estudios y servicios energeticos","potentialAction":[{"@type":"SearchAction","target":{"@type":"EntryPoint","urlTemplate":"http:\/\/www.resen.cat\/?s={search_term_string}"},"query-input":"required name=search_term_string"}],"inLanguage":"es"}]}},"_links":{"self":[{"href":"https:\/\/www.resen.cat\/index.php?rest_route=\/wp\/v2\/pages\/2"}],"collection":[{"href":"https:\/\/www.resen.cat\/index.php?rest_route=\/wp\/v2\/pages"}],"about":[{"href":"https:\/\/www.resen.cat\/index.php?rest_route=\/wp\/v2\/types\/page"}],"author":[{"embeddable":true,"href":"https:\/\/www.resen.cat\/index.php?rest_route=\/wp\/v2\/users\/1"}],"replies":[{"embeddable":true,"href":"https:\/\/www.resen.cat\/index.php?rest_route=%2Fwp%2Fv2%2Fcomments&post=2"}],"version-history":[{"count":15,"href":"https:\/\/www.resen.cat\/index.php?rest_route=\/wp\/v2\/pages\/2\/revisions"}],"predecessor-version":[{"id":401,"href":"https:\/\/www.resen.cat\/index.php?rest_route=\/wp\/v2\/pages\/2\/revisions\/401"}],"wp:featuredmedia":[{"embeddable":true,"href":"https:\/\/www.resen.cat\/index.php?rest_route=\/wp\/v2\/media\/42"}],"wp:attachment":[{"href":"https:\/\/www.resen.cat\/index.php?rest_route=%2Fwp%2Fv2%2Fmedia&parent=2"}],"curies":[{"name":"wp","href":"https:\/\/api.w.org\/{rel}","templated":true}]}}