{"id":160,"date":"2018-09-24T11:26:12","date_gmt":"2018-09-24T11:26:12","guid":{"rendered":"http:\/\/www.resen.cat\/?page_id=160"},"modified":"2026-03-24T09:08:56","modified_gmt":"2026-03-24T09:08:56","slug":"certificacion-iso","status":"publish","type":"page","link":"https:\/\/www.resen.cat\/?page_id=160","title":{"rendered":"Certificaci\u00f3n ISO"},"content":{"rendered":"\n<div class=\"wp-block-group is-layout-flow wp-block-group-is-layout-flow\"><div class=\"wp-block-group__inner-container\">\n<div class=\"wp-block-group is-layout-flow wp-block-group-is-layout-flow\"><div class=\"wp-block-group__inner-container\">\n<p><strong>Realizaci\u00f3n de Estudios y Servicios Energ\u00e9ticos SL <\/strong>(RESEN)<\/p>\n\n\n\n<p>est\u00e1 certificada por el Sistema de Gesti\u00f3n Integrado&nbsp; (SGI) con las certificaciones<\/p>\n\n\n\n<p>ISO 9001 de Gesti\u00f3n de la Calidad,<\/p>\n\n\n\n<p>ISO 14001 de Gesti\u00f3n&nbsp; Ambiental<\/p>\n\n\n\n<p>ISO 45001 de&nbsp; Seguridad y Salud en el Trabajo<\/p>\n\n\n\n<p>SGI implantado por la certificadora T\u00dcV Saarland.<\/p>\n<\/div><\/div>\n\n\n\n<p><\/p>\n<\/div><\/div>\n\n\n\n<figure class=\"wp-block-gallery alignleft has-nested-images columns-default is-cropped wp-block-gallery-1 is-layout-flex wp-block-gallery-is-layout-flex\">\n<figure class=\"wp-block-image size-large\"><img loading=\"lazy\" decoding=\"async\" width=\"640\" height=\"256\" data-id=\"341\" src=\"https:\/\/www.resen.cat\/wp-content\/uploads\/2021\/10\/TUV-ETIQUETA-ISO-9001-14001-45001.jpeg\" alt=\"\" class=\"wp-image-341\" srcset=\"https:\/\/www.resen.cat\/wp-content\/uploads\/2021\/10\/TUV-ETIQUETA-ISO-9001-14001-45001.jpeg 640w, https:\/\/www.resen.cat\/wp-content\/uploads\/2021\/10\/TUV-ETIQUETA-ISO-9001-14001-45001-300x120.jpeg 300w\" sizes=\"(max-width: 640px) 100vw, 640px\" \/><\/figure>\n<\/figure>\n\n\n\n<p><\/p>\n\n\n\n<p><\/p>\n\n\n\n<p><\/p>\n\n\n\n<p><\/p>\n\n\n\n<div data-wp-interactive=\"\" class=\"wp-block-file\"><object data-wp-bind--hidden=\"!selectors.core.file.hasPdfPreview\" hidden class=\"wp-block-file__embed\" data=\"https:\/\/www.resen.cat\/wp-content\/uploads\/2026\/03\/2024-04-9001-EA01194-ES.pdf\" type=\"application\/pdf\" style=\"width:100%;height:600px\" aria-label=\"Incrustado de 2024-04-9001-EA01194-ES.\"><\/object><a id=\"wp-block-file--media-2a656f77-4477-46bc-8f00-1762b28b2e59\" href=\"https:\/\/www.resen.cat\/wp-content\/uploads\/2026\/03\/2024-04-9001-EA01194-ES.pdf\">2024-04-9001-EA01194-ES<\/a><a href=\"https:\/\/www.resen.cat\/wp-content\/uploads\/2026\/03\/2024-04-9001-EA01194-ES.pdf\" class=\"wp-block-file__button wp-element-button\" download aria-describedby=\"wp-block-file--media-2a656f77-4477-46bc-8f00-1762b28b2e59\">Descarga<\/a><\/div>\n\n\n\n<div data-wp-interactive=\"\" class=\"wp-block-file\"><object data-wp-bind--hidden=\"!selectors.core.file.hasPdfPreview\" hidden class=\"wp-block-file__embed\" data=\"https:\/\/www.resen.cat\/wp-content\/uploads\/2026\/03\/2024-04-14001-EF01195-ES.pdf\" type=\"application\/pdf\" style=\"width:100%;height:600px\" aria-label=\"Incrustado de 2024-04-14001-EF01195-ES.\"><\/object><a id=\"wp-block-file--media-9f95cc4c-7dc5-4d06-ab8a-98e3693f8d1f\" href=\"https:\/\/www.resen.cat\/wp-content\/uploads\/2026\/03\/2024-04-14001-EF01195-ES.pdf\">2024-04-14001-EF01195-ES<\/a><a href=\"https:\/\/www.resen.cat\/wp-content\/uploads\/2026\/03\/2024-04-14001-EF01195-ES.pdf\" class=\"wp-block-file__button wp-element-button\" download aria-describedby=\"wp-block-file--media-9f95cc4c-7dc5-4d06-ab8a-98e3693f8d1f\">Descarga<\/a><\/div>\n\n\n\n<div data-wp-interactive=\"\" class=\"wp-block-file\"><object data-wp-bind--hidden=\"!selectors.core.file.hasPdfPreview\" hidden class=\"wp-block-file__embed\" data=\"https:\/\/www.resen.cat\/wp-content\/uploads\/2026\/03\/2024-04-45001-EG01196-ES.pdf\" type=\"application\/pdf\" style=\"width:100%;height:600px\" aria-label=\"Incrustado de 2024-04-45001-EG01196-ES.\"><\/object><a id=\"wp-block-file--media-ac7cf2fa-1bf7-47a2-8925-7efe0fe28712\" href=\"https:\/\/www.resen.cat\/wp-content\/uploads\/2026\/03\/2024-04-45001-EG01196-ES.pdf\">2024-04-45001-EG01196-ES<\/a><a href=\"https:\/\/www.resen.cat\/wp-content\/uploads\/2026\/03\/2024-04-45001-EG01196-ES.pdf\" class=\"wp-block-file__button wp-element-button\" download aria-describedby=\"wp-block-file--media-ac7cf2fa-1bf7-47a2-8925-7efe0fe28712\">Descarga<\/a><\/div>\n\n\n\n<div data-wp-interactive=\"\" class=\"wp-block-file\"><object data-wp-bind--hidden=\"!selectors.core.file.hasPdfPreview\" hidden class=\"wp-block-file__embed\" data=\"https:\/\/www.resen.cat\/wp-content\/uploads\/2026\/03\/15.00-2026-03-RESEN-Politica-Integrada-y-Compromisos-v5.pdf\" type=\"application\/pdf\" style=\"width:100%;height:600px\" aria-label=\"Incrustado de 15.00-2026-03-RESEN-Politica-Integrada-y-Compromisos-v5.\"><\/object><a id=\"wp-block-file--media-91fec750-747d-4674-b4b8-3ecb645397f1\" href=\"https:\/\/www.resen.cat\/wp-content\/uploads\/2026\/03\/15.00-2026-03-RESEN-Politica-Integrada-y-Compromisos-v5.pdf\">15.00-2026-03-RESEN-Politica-Integrada-y-Compromisos-v5<\/a><a href=\"https:\/\/www.resen.cat\/wp-content\/uploads\/2026\/03\/15.00-2026-03-RESEN-Politica-Integrada-y-Compromisos-v5.pdf\" class=\"wp-block-file__button wp-element-button\" download aria-describedby=\"wp-block-file--media-91fec750-747d-4674-b4b8-3ecb645397f1\">Descarga<\/a><\/div>\n\n\n\n<div class=\"wp-block-file\"><a id=\"wp-block-file--media-013346e9-c900-4fa1-8290-eda202d7d9a0\" href=\"https:\/\/www.resen.cat\/wp-content\/uploads\/2023\/10\/01-2023-Politica-corporativa-rsc-1-Politica-v2.pdf\">01-2023-Politica-corporativa-rsc-1-Politica-v2<\/a><a href=\"https:\/\/www.resen.cat\/wp-content\/uploads\/2023\/10\/01-2023-Politica-corporativa-rsc-1-Politica-v2.pdf\" class=\"wp-block-file__button wp-element-button\" download aria-describedby=\"wp-block-file--media-013346e9-c900-4fa1-8290-eda202d7d9a0\">Descarga<\/a><\/div>\n\n\n\n<div class=\"wp-block-file\"><a id=\"wp-block-file--media-43468805-4ed2-4813-8287-215c6e6366bc\" href=\"https:\/\/www.resen.cat\/wp-content\/uploads\/2023\/10\/1.1-2023-Politica-corporativa-rsc-2-Principios-v2.pdf\">1.1-2023-Politica-corporativa-rsc-2-Principios-v2<\/a><a href=\"https:\/\/www.resen.cat\/wp-content\/uploads\/2023\/10\/1.1-2023-Politica-corporativa-rsc-2-Principios-v2.pdf\" class=\"wp-block-file__button wp-element-button\" download aria-describedby=\"wp-block-file--media-43468805-4ed2-4813-8287-215c6e6366bc\">Descarga<\/a><\/div>\n\n\n\n<div class=\"wp-block-file\"><a id=\"wp-block-file--media-e3705721-f086-4402-b4f8-aac23c15164d\" href=\"https:\/\/www.resen.cat\/wp-content\/uploads\/2023\/10\/2-2023-Principios-de-los-Derechos-Humanos-v2.pdf\">2-2023-Principios-de-los-Derechos-Humanos-v2<\/a><a href=\"https:\/\/www.resen.cat\/wp-content\/uploads\/2023\/10\/2-2023-Principios-de-los-Derechos-Humanos-v2.pdf\" class=\"wp-block-file__button wp-element-button\" download aria-describedby=\"wp-block-file--media-e3705721-f086-4402-b4f8-aac23c15164d\">Descarga<\/a><\/div>\n\n\n\n<div class=\"wp-block-file\"><a id=\"wp-block-file--media-bf5af98b-f71d-4913-9797-a745298cb6a9\" href=\"https:\/\/www.resen.cat\/wp-content\/uploads\/2023\/10\/3-2023-Compromiso-de-Igualdad-de-Genero-v2.pdf\">3-2023-Compromiso-de-Igualdad-de-Genero-v2<\/a><a href=\"https:\/\/www.resen.cat\/wp-content\/uploads\/2023\/10\/3-2023-Compromiso-de-Igualdad-de-Genero-v2.pdf\" class=\"wp-block-file__button wp-element-button\" download aria-describedby=\"wp-block-file--media-bf5af98b-f71d-4913-9797-a745298cb6a9\">Descarga<\/a><\/div>\n\n\n\n<div class=\"wp-block-file\"><a id=\"wp-block-file--media-2cc79ad6-967c-40f4-9ddf-b27e45d9a9ff\" href=\"https:\/\/www.resen.cat\/wp-content\/uploads\/2023\/10\/4-2023-Politica-Anticorrupcion-v2.pdf\">4-2023-Politica-Anticorrupcion-v2<\/a><a href=\"https:\/\/www.resen.cat\/wp-content\/uploads\/2023\/10\/4-2023-Politica-Anticorrupcion-v2.pdf\" class=\"wp-block-file__button wp-element-button\" download aria-describedby=\"wp-block-file--media-2cc79ad6-967c-40f4-9ddf-b27e45d9a9ff\">Descarga<\/a><\/div>\n\n\n\n<div class=\"wp-block-file\"><a id=\"wp-block-file--media-90033788-18a4-4120-b510-9979bfe0f55f\" href=\"https:\/\/www.resen.cat\/wp-content\/uploads\/2023\/10\/4.1-2023-Compliance-Governance-v2.pdf\">4.1-2023-Compliance-Governance-v2<\/a><a href=\"https:\/\/www.resen.cat\/wp-content\/uploads\/2023\/10\/4.1-2023-Compliance-Governance-v2.pdf\" class=\"wp-block-file__button wp-element-button\" download aria-describedby=\"wp-block-file--media-90033788-18a4-4120-b510-9979bfe0f55f\">Descarga<\/a><\/div>\n\n\n\n<div class=\"wp-block-file\"><a id=\"wp-block-file--media-38659e83-cbfa-4ae3-9847-b00839c40d12\" href=\"https:\/\/www.resen.cat\/wp-content\/uploads\/2023\/10\/4.2-2023-Politica-Gestion-Etica-v2.pdf\">4.2-2023-Politica-Gestion-Etica-v2<\/a><a href=\"https:\/\/www.resen.cat\/wp-content\/uploads\/2023\/10\/4.2-2023-Politica-Gestion-Etica-v2.pdf\" class=\"wp-block-file__button wp-element-button\" download aria-describedby=\"wp-block-file--media-38659e83-cbfa-4ae3-9847-b00839c40d12\">Descarga<\/a><\/div>\n\n\n\n<div class=\"wp-block-file\"><a id=\"wp-block-file--media-b9b7efb5-c27c-46cb-81a7-2af1c73504f2\" href=\"https:\/\/www.resen.cat\/wp-content\/uploads\/2023\/10\/7-2023-10-27-Co\u0301digo-de-conducta-RSC-v.2.pdf\">7-2023-10-27-Co\u0301digo-de-conducta-RSC-v.2<\/a><a href=\"https:\/\/www.resen.cat\/wp-content\/uploads\/2023\/10\/7-2023-10-27-Co\u0301digo-de-conducta-RSC-v.2.pdf\" class=\"wp-block-file__button wp-element-button\" download aria-describedby=\"wp-block-file--media-b9b7efb5-c27c-46cb-81a7-2af1c73504f2\">Descarga<\/a><\/div>\n\n\n\n<div class=\"wp-block-file\"><a id=\"wp-block-file--media-e7b203df-3954-4600-b767-d8aaf50820a0\" href=\"https:\/\/www.resen.cat\/wp-content\/uploads\/2023\/10\/2023-06-01-DECLARACION-RESPONSABLE-MEDIOAMBIENTAL-F.pdf\">2023-06-01-DECLARACION-RESPONSABLE-MEDIOAMBIENTAL-F<\/a><a href=\"https:\/\/www.resen.cat\/wp-content\/uploads\/2023\/10\/2023-06-01-DECLARACION-RESPONSABLE-MEDIOAMBIENTAL-F.pdf\" class=\"wp-block-file__button wp-element-button\" download aria-describedby=\"wp-block-file--media-e7b203df-3954-4600-b767-d8aaf50820a0\">Descarga<\/a><\/div>\n\n\n\n<p>2025 RESEN &#8211; Aviso legal y politica de privacidad v2<\/p>\n\n\n\n<div data-wp-interactive=\"\" class=\"wp-block-file\"><object data-wp-bind--hidden=\"!selectors.core.file.hasPdfPreview\" hidden class=\"wp-block-file__embed\" data=\"https:\/\/www.resen.cat\/wp-content\/uploads\/2026\/03\/2025-RESEN-Aviso-legal-y-politica-de-privacidad-v2.pdf\" type=\"application\/pdf\" style=\"width:100%;height:600px\" aria-label=\"Incrustado de 2025-RESEN-Aviso-legal-y-politica-de-privacidad-v2.\"><\/object><a id=\"wp-block-file--media-484f8056-39a0-4782-940a-4d4be30de623\" href=\"https:\/\/www.resen.cat\/wp-content\/uploads\/2026\/03\/2025-RESEN-Aviso-legal-y-politica-de-privacidad-v2.pdf\">2025-RESEN-Aviso-legal-y-politica-de-privacidad-v2<\/a><a href=\"https:\/\/www.resen.cat\/wp-content\/uploads\/2026\/03\/2025-RESEN-Aviso-legal-y-politica-de-privacidad-v2.pdf\" class=\"wp-block-file__button wp-element-button\" download aria-describedby=\"wp-block-file--media-484f8056-39a0-4782-940a-4d4be30de623\">Descarga<\/a><\/div>\n\n\n\n<p><\/p>\n\n\n\n<figure class=\"wp-block-image size-large\"><a href=\"https:\/\/www.resen.cat\/wp-content\/uploads\/2024\/10\/osd.jpg\"><img loading=\"lazy\" decoding=\"async\" width=\"1024\" height=\"341\" src=\"https:\/\/www.resen.cat\/wp-content\/uploads\/2024\/10\/osd-1024x341.jpg\" alt=\"\" class=\"wp-image-412\" srcset=\"https:\/\/www.resen.cat\/wp-content\/uploads\/2024\/10\/osd-1024x341.jpg 1024w, https:\/\/www.resen.cat\/wp-content\/uploads\/2024\/10\/osd-300x100.jpg 300w, https:\/\/www.resen.cat\/wp-content\/uploads\/2024\/10\/osd-768x256.jpg 768w, https:\/\/www.resen.cat\/wp-content\/uploads\/2024\/10\/osd.jpg 1200w\" sizes=\"(max-width: 1024px) 100vw, 1024px\" \/><\/a><\/figure>\n","protected":false},"excerpt":{"rendered":"<p>Realizaci\u00f3n de Estudios y Servicios Energ\u00e9ticos SL (RESEN) est\u00e1 certificada por el Sistema de Gesti\u00f3n Integrado&nbsp; (SGI) con las certificaciones ISO 9001 de Gesti\u00f3n de la Calidad, ISO 14001 de Gesti\u00f3n&nbsp; Ambiental ISO 45001 de&nbsp; Seguridad y Salud en el Trabajo SGI implantado por la certificadora T\u00dcV Saarland. 2025 RESEN &#8211; Aviso legal y politica<span class=\"post-excerpt-end\">&hellip;<\/span><\/p>\n<p class=\"more-link\"><a href=\"https:\/\/www.resen.cat\/?page_id=160\" class=\"themebutton\">Leer m\u00e1s<\/a><\/p>\n","protected":false},"author":1,"featured_media":0,"parent":0,"menu_order":0,"comment_status":"closed","ping_status":"closed","template":"","meta":{"footnotes":""},"yoast_head":"<!-- This site is optimized with the Yoast SEO plugin v22.2 - https:\/\/yoast.com\/wordpress\/plugins\/seo\/ -->\n<title>Certificaci\u00f3n ISO - Resen<\/title>\n<meta name=\"robots\" content=\"index, follow, max-snippet:-1, max-image-preview:large, max-video-preview:-1\" \/>\n<link rel=\"canonical\" href=\"https:\/\/www.resen.cat\/?page_id=160\" \/>\n<meta property=\"og:locale\" content=\"es_ES\" \/>\n<meta property=\"og:type\" content=\"article\" \/>\n<meta property=\"og:title\" content=\"Certificaci\u00f3n ISO - Resen\" \/>\n<meta property=\"og:description\" content=\"Realizaci\u00f3n de Estudios y Servicios Energ\u00e9ticos SL (RESEN) est\u00e1 certificada por el Sistema de Gesti\u00f3n Integrado&nbsp; (SGI) con las certificaciones ISO 9001 de Gesti\u00f3n de la Calidad, ISO 14001 de Gesti\u00f3n&nbsp; Ambiental ISO 45001 de&nbsp; Seguridad y Salud en el Trabajo SGI implantado por la certificadora T\u00dcV Saarland. 2025 RESEN &#8211; Aviso legal y politica&hellip;Leer m\u00e1s\" \/>\n<meta property=\"og:url\" content=\"https:\/\/www.resen.cat\/?page_id=160\" \/>\n<meta property=\"og:site_name\" content=\"Resen\" \/>\n<meta property=\"article:modified_time\" content=\"2026-03-24T09:08:56+00:00\" \/>\n<meta property=\"og:image\" content=\"https:\/\/www.resen.cat\/wp-content\/uploads\/2021\/10\/TUV-ETIQUETA-ISO-9001-14001-45001.jpeg\" \/>\n<meta name=\"twitter:card\" content=\"summary_large_image\" \/>\n<meta name=\"twitter:label1\" content=\"Tiempo de lectura\" \/>\n\t<meta name=\"twitter:data1\" content=\"1 minuto\" \/>\n<script type=\"application\/ld+json\" class=\"yoast-schema-graph\">{\"@context\":\"https:\/\/schema.org\",\"@graph\":[{\"@type\":\"WebPage\",\"@id\":\"https:\/\/www.resen.cat\/?page_id=160\",\"url\":\"https:\/\/www.resen.cat\/?page_id=160\",\"name\":\"Certificaci\u00f3n ISO - Resen\",\"isPartOf\":{\"@id\":\"http:\/\/www.resen.cat\/#website\"},\"primaryImageOfPage\":{\"@id\":\"https:\/\/www.resen.cat\/?page_id=160#primaryimage\"},\"image\":{\"@id\":\"https:\/\/www.resen.cat\/?page_id=160#primaryimage\"},\"thumbnailUrl\":\"https:\/\/www.resen.cat\/wp-content\/uploads\/2021\/10\/TUV-ETIQUETA-ISO-9001-14001-45001.jpeg\",\"datePublished\":\"2018-09-24T11:26:12+00:00\",\"dateModified\":\"2026-03-24T09:08:56+00:00\",\"breadcrumb\":{\"@id\":\"https:\/\/www.resen.cat\/?page_id=160#breadcrumb\"},\"inLanguage\":\"es\",\"potentialAction\":[{\"@type\":\"ReadAction\",\"target\":[\"https:\/\/www.resen.cat\/?page_id=160\"]}]},{\"@type\":\"ImageObject\",\"inLanguage\":\"es\",\"@id\":\"https:\/\/www.resen.cat\/?page_id=160#primaryimage\",\"url\":\"https:\/\/www.resen.cat\/wp-content\/uploads\/2021\/10\/TUV-ETIQUETA-ISO-9001-14001-45001.jpeg\",\"contentUrl\":\"https:\/\/www.resen.cat\/wp-content\/uploads\/2021\/10\/TUV-ETIQUETA-ISO-9001-14001-45001.jpeg\",\"width\":640,\"height\":256},{\"@type\":\"BreadcrumbList\",\"@id\":\"https:\/\/www.resen.cat\/?page_id=160#breadcrumb\",\"itemListElement\":[{\"@type\":\"ListItem\",\"position\":1,\"name\":\"Portada\",\"item\":\"http:\/\/www.resen.cat\/\"},{\"@type\":\"ListItem\",\"position\":2,\"name\":\"Certificaci\u00f3n ISO\"}]},{\"@type\":\"WebSite\",\"@id\":\"http:\/\/www.resen.cat\/#website\",\"url\":\"http:\/\/www.resen.cat\/\",\"name\":\"Resen\",\"description\":\"Realizaci\u00f3n de estudios y servicios energeticos\",\"potentialAction\":[{\"@type\":\"SearchAction\",\"target\":{\"@type\":\"EntryPoint\",\"urlTemplate\":\"http:\/\/www.resen.cat\/?s={search_term_string}\"},\"query-input\":\"required name=search_term_string\"}],\"inLanguage\":\"es\"}]}<\/script>\n<!-- \/ Yoast SEO plugin. -->","yoast_head_json":{"title":"Certificaci\u00f3n ISO - Resen","robots":{"index":"index","follow":"follow","max-snippet":"max-snippet:-1","max-image-preview":"max-image-preview:large","max-video-preview":"max-video-preview:-1"},"canonical":"https:\/\/www.resen.cat\/?page_id=160","og_locale":"es_ES","og_type":"article","og_title":"Certificaci\u00f3n ISO - Resen","og_description":"Realizaci\u00f3n de Estudios y Servicios Energ\u00e9ticos SL (RESEN) est\u00e1 certificada por el Sistema de Gesti\u00f3n Integrado&nbsp; (SGI) con las certificaciones ISO 9001 de Gesti\u00f3n de la Calidad, ISO 14001 de Gesti\u00f3n&nbsp; Ambiental ISO 45001 de&nbsp; Seguridad y Salud en el Trabajo SGI implantado por la certificadora T\u00dcV Saarland. 2025 RESEN &#8211; Aviso legal y politica&hellip;Leer m\u00e1s","og_url":"https:\/\/www.resen.cat\/?page_id=160","og_site_name":"Resen","article_modified_time":"2026-03-24T09:08:56+00:00","og_image":[{"url":"https:\/\/www.resen.cat\/wp-content\/uploads\/2021\/10\/TUV-ETIQUETA-ISO-9001-14001-45001.jpeg"}],"twitter_card":"summary_large_image","twitter_misc":{"Tiempo de lectura":"1 minuto"},"schema":{"@context":"https:\/\/schema.org","@graph":[{"@type":"WebPage","@id":"https:\/\/www.resen.cat\/?page_id=160","url":"https:\/\/www.resen.cat\/?page_id=160","name":"Certificaci\u00f3n ISO - Resen","isPartOf":{"@id":"http:\/\/www.resen.cat\/#website"},"primaryImageOfPage":{"@id":"https:\/\/www.resen.cat\/?page_id=160#primaryimage"},"image":{"@id":"https:\/\/www.resen.cat\/?page_id=160#primaryimage"},"thumbnailUrl":"https:\/\/www.resen.cat\/wp-content\/uploads\/2021\/10\/TUV-ETIQUETA-ISO-9001-14001-45001.jpeg","datePublished":"2018-09-24T11:26:12+00:00","dateModified":"2026-03-24T09:08:56+00:00","breadcrumb":{"@id":"https:\/\/www.resen.cat\/?page_id=160#breadcrumb"},"inLanguage":"es","potentialAction":[{"@type":"ReadAction","target":["https:\/\/www.resen.cat\/?page_id=160"]}]},{"@type":"ImageObject","inLanguage":"es","@id":"https:\/\/www.resen.cat\/?page_id=160#primaryimage","url":"https:\/\/www.resen.cat\/wp-content\/uploads\/2021\/10\/TUV-ETIQUETA-ISO-9001-14001-45001.jpeg","contentUrl":"https:\/\/www.resen.cat\/wp-content\/uploads\/2021\/10\/TUV-ETIQUETA-ISO-9001-14001-45001.jpeg","width":640,"height":256},{"@type":"BreadcrumbList","@id":"https:\/\/www.resen.cat\/?page_id=160#breadcrumb","itemListElement":[{"@type":"ListItem","position":1,"name":"Portada","item":"http:\/\/www.resen.cat\/"},{"@type":"ListItem","position":2,"name":"Certificaci\u00f3n ISO"}]},{"@type":"WebSite","@id":"http:\/\/www.resen.cat\/#website","url":"http:\/\/www.resen.cat\/","name":"Resen","description":"Realizaci\u00f3n de estudios y servicios energeticos","potentialAction":[{"@type":"SearchAction","target":{"@type":"EntryPoint","urlTemplate":"http:\/\/www.resen.cat\/?s={search_term_string}"},"query-input":"required name=search_term_string"}],"inLanguage":"es"}]}},"_links":{"self":[{"href":"https:\/\/www.resen.cat\/index.php?rest_route=\/wp\/v2\/pages\/160"}],"collection":[{"href":"https:\/\/www.resen.cat\/index.php?rest_route=\/wp\/v2\/pages"}],"about":[{"href":"https:\/\/www.resen.cat\/index.php?rest_route=\/wp\/v2\/types\/page"}],"author":[{"embeddable":true,"href":"https:\/\/www.resen.cat\/index.php?rest_route=\/wp\/v2\/users\/1"}],"replies":[{"embeddable":true,"href":"https:\/\/www.resen.cat\/index.php?rest_route=%2Fwp%2Fv2%2Fcomments&post=160"}],"version-history":[{"count":17,"href":"https:\/\/www.resen.cat\/index.php?rest_route=\/wp\/v2\/pages\/160\/revisions"}],"predecessor-version":[{"id":488,"href":"https:\/\/www.resen.cat\/index.php?rest_route=\/wp\/v2\/pages\/160\/revisions\/488"}],"wp:attachment":[{"href":"https:\/\/www.resen.cat\/index.php?rest_route=%2Fwp%2Fv2%2Fmedia&parent=160"}],"curies":[{"name":"wp","href":"https:\/\/api.w.org\/{rel}","templated":true}]}}