{"id":147,"date":"2018-09-24T11:21:17","date_gmt":"2018-09-24T11:21:17","guid":{"rendered":"http:\/\/www.resen.cat\/?page_id=147"},"modified":"2022-09-13T10:32:43","modified_gmt":"2022-09-13T10:32:43","slug":"comercial","status":"publish","type":"page","link":"https:\/\/www.resen.cat\/?page_id=147","title":{"rendered":"Comercial"},"content":{"rendered":"\n<p>Le ofrecemos el mejor asesoramiento, venta e instalaci\u00f3n de calentadores, calderas, termos, emisores t\u00e9rmicos, climatizaci\u00f3n y energ\u00edas renovables.<\/p>\n\n\n\n<p>Asesoramos al cliente para realizar todo tipo de obra o reforma y le ofrecemos el mejor presupuesto.<\/p>\n\n\n\n<p><\/p>\n\n\n\n<p><\/p>\n\n\n\n<p><strong>Atenci\u00f3n al Cliente<\/strong><\/p>\n\n\n\n<p>Ofrecemos nuestro servicio de asesoramiento t\u00e9cnico para calcular la mejor soluci\u00f3n a sus necesidades energ\u00e9ticas.<\/p>\n\n\n\n<p>Calculamos la potencia el\u00e9ctrica que necesita su vivienda o negocio.<\/p>\n\n\n\n<p>Realizamos estudios energ\u00e9ticos para la instalaci\u00f3n de calderas de gas y calefacciones el\u00e9ctricas centralizadas.<\/p>\n\n\n\n<p>Convertimos su vivienda en un centro dom\u00f3tico que se puede controlar desde su tel\u00e9fono port\u00e1til. Podr\u00e1 controlar la calefacci\u00f3n, climatizaci\u00f3n, iluminaci\u00f3n, alarmas, c\u00e1maras de seguridad, \u2026 todo en su smartphone.<\/p>\n\n\n\n<p>Tambi\u00e9n realizamos todo tipo de tr\u00e1mites con la comercializadora Endesa:<\/p>\n\n\n\n<p>Informaci\u00f3n y asesoramiento de la tarifa que mejor se adapte a sus necesidades.<\/p>\n\n\n\n<p>Altas y bajas de suministro.<\/p>\n\n\n\n<p>Cambios de titular.<\/p>\n\n\n\n<p>Ampliaciones y reducciones de potencia.<\/p>\n\n\n\n<p>Tr\u00e1mites de nuevos suministros.<\/p>\n\n\n\n<p>Asesoramiento de productos de mantenimiento el\u00e9ctricos y de gas.<\/p>\n\n\n\n<p><\/p>\n\n\n\n<p><\/p>\n\n\n\n<p>Puede pedir cita de videoatenci\u00f3n entrando en el enlace de la foto.<\/p>\n\n\n\n<figure class=\"wp-block-image size-large\"><a href=\"https:\/\/citaprevia.endesa.es\/citaprevia\/?codOficina=PDN402&amp;codTipo=VIRTUAL\"><img loading=\"lazy\" decoding=\"async\" width=\"800\" height=\"500\" src=\"http:\/\/www.resen.cat\/wp-content\/uploads\/2022\/09\/AF_ENDESA_canales_800x500_CASTELLANO_SEPTIEMBRE_INF-1.jpg\" alt=\"\" class=\"wp-image-358\" srcset=\"https:\/\/www.resen.cat\/wp-content\/uploads\/2022\/09\/AF_ENDESA_canales_800x500_CASTELLANO_SEPTIEMBRE_INF-1.jpg 800w, https:\/\/www.resen.cat\/wp-content\/uploads\/2022\/09\/AF_ENDESA_canales_800x500_CASTELLANO_SEPTIEMBRE_INF-1-300x188.jpg 300w, https:\/\/www.resen.cat\/wp-content\/uploads\/2022\/09\/AF_ENDESA_canales_800x500_CASTELLANO_SEPTIEMBRE_INF-1-768x480.jpg 768w\" sizes=\"(max-width: 800px) 100vw, 800px\" \/><\/a><\/figure>\n","protected":false},"excerpt":{"rendered":"<p>Le ofrecemos el mejor asesoramiento, venta e instalaci\u00f3n de calentadores, calderas, termos, emisores t\u00e9rmicos, climatizaci\u00f3n y energ\u00edas renovables. Asesoramos al cliente para realizar todo tipo de obra o reforma y le ofrecemos el mejor presupuesto. Atenci\u00f3n al Cliente Ofrecemos nuestro servicio de asesoramiento t\u00e9cnico para calcular la mejor soluci\u00f3n a sus necesidades energ\u00e9ticas. Calculamos la<span class=\"post-excerpt-end\">&hellip;<\/span><\/p>\n<p class=\"more-link\"><a href=\"https:\/\/www.resen.cat\/?page_id=147\" class=\"themebutton\">Leer m\u00e1s<\/a><\/p>\n","protected":false},"author":1,"featured_media":0,"parent":0,"menu_order":0,"comment_status":"closed","ping_status":"closed","template":"page-full.php","meta":{"footnotes":""},"yoast_head":"<!-- This site is optimized with the Yoast SEO plugin v22.2 - https:\/\/yoast.com\/wordpress\/plugins\/seo\/ -->\n<title>Comercial - Resen<\/title>\n<meta name=\"robots\" content=\"index, follow, max-snippet:-1, max-image-preview:large, max-video-preview:-1\" \/>\n<link rel=\"canonical\" href=\"http:\/\/www.resen.cat\/?page_id=147\" \/>\n<meta property=\"og:locale\" content=\"es_ES\" \/>\n<meta property=\"og:type\" content=\"article\" \/>\n<meta property=\"og:title\" content=\"Comercial - Resen\" \/>\n<meta property=\"og:description\" content=\"Le ofrecemos el mejor asesoramiento, venta e instalaci\u00f3n de calentadores, calderas, termos, emisores t\u00e9rmicos, climatizaci\u00f3n y energ\u00edas renovables. Asesoramos al cliente para realizar todo tipo de obra o reforma y le ofrecemos el mejor presupuesto. Atenci\u00f3n al Cliente Ofrecemos nuestro servicio de asesoramiento t\u00e9cnico para calcular la mejor soluci\u00f3n a sus necesidades energ\u00e9ticas. Calculamos la&hellip;Leer m\u00e1s\" \/>\n<meta property=\"og:url\" content=\"http:\/\/www.resen.cat\/?page_id=147\" \/>\n<meta property=\"og:site_name\" content=\"Resen\" \/>\n<meta property=\"article:modified_time\" content=\"2022-09-13T10:32:43+00:00\" \/>\n<meta property=\"og:image\" content=\"http:\/\/www.resen.cat\/wp-content\/uploads\/2022\/09\/AF_ENDESA_canales_800x500_CASTELLANO_SEPTIEMBRE_INF-1.jpg\" \/>\n<meta name=\"twitter:card\" content=\"summary_large_image\" \/>\n<meta name=\"twitter:label1\" content=\"Tiempo de lectura\" \/>\n\t<meta name=\"twitter:data1\" content=\"1 minuto\" \/>\n<script type=\"application\/ld+json\" class=\"yoast-schema-graph\">{\"@context\":\"https:\/\/schema.org\",\"@graph\":[{\"@type\":\"WebPage\",\"@id\":\"http:\/\/www.resen.cat\/?page_id=147\",\"url\":\"http:\/\/www.resen.cat\/?page_id=147\",\"name\":\"Comercial - Resen\",\"isPartOf\":{\"@id\":\"http:\/\/www.resen.cat\/#website\"},\"primaryImageOfPage\":{\"@id\":\"http:\/\/www.resen.cat\/?page_id=147#primaryimage\"},\"image\":{\"@id\":\"http:\/\/www.resen.cat\/?page_id=147#primaryimage\"},\"thumbnailUrl\":\"http:\/\/www.resen.cat\/wp-content\/uploads\/2022\/09\/AF_ENDESA_canales_800x500_CASTELLANO_SEPTIEMBRE_INF-1.jpg\",\"datePublished\":\"2018-09-24T11:21:17+00:00\",\"dateModified\":\"2022-09-13T10:32:43+00:00\",\"breadcrumb\":{\"@id\":\"http:\/\/www.resen.cat\/?page_id=147#breadcrumb\"},\"inLanguage\":\"es\",\"potentialAction\":[{\"@type\":\"ReadAction\",\"target\":[\"http:\/\/www.resen.cat\/?page_id=147\"]}]},{\"@type\":\"ImageObject\",\"inLanguage\":\"es\",\"@id\":\"http:\/\/www.resen.cat\/?page_id=147#primaryimage\",\"url\":\"https:\/\/www.resen.cat\/wp-content\/uploads\/2022\/09\/AF_ENDESA_canales_800x500_CASTELLANO_SEPTIEMBRE_INF-1.jpg\",\"contentUrl\":\"https:\/\/www.resen.cat\/wp-content\/uploads\/2022\/09\/AF_ENDESA_canales_800x500_CASTELLANO_SEPTIEMBRE_INF-1.jpg\",\"width\":800,\"height\":500},{\"@type\":\"BreadcrumbList\",\"@id\":\"http:\/\/www.resen.cat\/?page_id=147#breadcrumb\",\"itemListElement\":[{\"@type\":\"ListItem\",\"position\":1,\"name\":\"Portada\",\"item\":\"http:\/\/www.resen.cat\/\"},{\"@type\":\"ListItem\",\"position\":2,\"name\":\"Comercial\"}]},{\"@type\":\"WebSite\",\"@id\":\"http:\/\/www.resen.cat\/#website\",\"url\":\"http:\/\/www.resen.cat\/\",\"name\":\"Resen\",\"description\":\"Realizaci\u00f3n de estudios y servicios energeticos\",\"potentialAction\":[{\"@type\":\"SearchAction\",\"target\":{\"@type\":\"EntryPoint\",\"urlTemplate\":\"http:\/\/www.resen.cat\/?s={search_term_string}\"},\"query-input\":\"required name=search_term_string\"}],\"inLanguage\":\"es\"}]}<\/script>\n<!-- \/ Yoast SEO plugin. -->","yoast_head_json":{"title":"Comercial - Resen","robots":{"index":"index","follow":"follow","max-snippet":"max-snippet:-1","max-image-preview":"max-image-preview:large","max-video-preview":"max-video-preview:-1"},"canonical":"http:\/\/www.resen.cat\/?page_id=147","og_locale":"es_ES","og_type":"article","og_title":"Comercial - Resen","og_description":"Le ofrecemos el mejor asesoramiento, venta e instalaci\u00f3n de calentadores, calderas, termos, emisores t\u00e9rmicos, climatizaci\u00f3n y energ\u00edas renovables. Asesoramos al cliente para realizar todo tipo de obra o reforma y le ofrecemos el mejor presupuesto. Atenci\u00f3n al Cliente Ofrecemos nuestro servicio de asesoramiento t\u00e9cnico para calcular la mejor soluci\u00f3n a sus necesidades energ\u00e9ticas. Calculamos la&hellip;Leer m\u00e1s","og_url":"http:\/\/www.resen.cat\/?page_id=147","og_site_name":"Resen","article_modified_time":"2022-09-13T10:32:43+00:00","og_image":[{"url":"http:\/\/www.resen.cat\/wp-content\/uploads\/2022\/09\/AF_ENDESA_canales_800x500_CASTELLANO_SEPTIEMBRE_INF-1.jpg"}],"twitter_card":"summary_large_image","twitter_misc":{"Tiempo de lectura":"1 minuto"},"schema":{"@context":"https:\/\/schema.org","@graph":[{"@type":"WebPage","@id":"http:\/\/www.resen.cat\/?page_id=147","url":"http:\/\/www.resen.cat\/?page_id=147","name":"Comercial - Resen","isPartOf":{"@id":"http:\/\/www.resen.cat\/#website"},"primaryImageOfPage":{"@id":"http:\/\/www.resen.cat\/?page_id=147#primaryimage"},"image":{"@id":"http:\/\/www.resen.cat\/?page_id=147#primaryimage"},"thumbnailUrl":"http:\/\/www.resen.cat\/wp-content\/uploads\/2022\/09\/AF_ENDESA_canales_800x500_CASTELLANO_SEPTIEMBRE_INF-1.jpg","datePublished":"2018-09-24T11:21:17+00:00","dateModified":"2022-09-13T10:32:43+00:00","breadcrumb":{"@id":"http:\/\/www.resen.cat\/?page_id=147#breadcrumb"},"inLanguage":"es","potentialAction":[{"@type":"ReadAction","target":["http:\/\/www.resen.cat\/?page_id=147"]}]},{"@type":"ImageObject","inLanguage":"es","@id":"http:\/\/www.resen.cat\/?page_id=147#primaryimage","url":"https:\/\/www.resen.cat\/wp-content\/uploads\/2022\/09\/AF_ENDESA_canales_800x500_CASTELLANO_SEPTIEMBRE_INF-1.jpg","contentUrl":"https:\/\/www.resen.cat\/wp-content\/uploads\/2022\/09\/AF_ENDESA_canales_800x500_CASTELLANO_SEPTIEMBRE_INF-1.jpg","width":800,"height":500},{"@type":"BreadcrumbList","@id":"http:\/\/www.resen.cat\/?page_id=147#breadcrumb","itemListElement":[{"@type":"ListItem","position":1,"name":"Portada","item":"http:\/\/www.resen.cat\/"},{"@type":"ListItem","position":2,"name":"Comercial"}]},{"@type":"WebSite","@id":"http:\/\/www.resen.cat\/#website","url":"http:\/\/www.resen.cat\/","name":"Resen","description":"Realizaci\u00f3n de estudios y servicios energeticos","potentialAction":[{"@type":"SearchAction","target":{"@type":"EntryPoint","urlTemplate":"http:\/\/www.resen.cat\/?s={search_term_string}"},"query-input":"required name=search_term_string"}],"inLanguage":"es"}]}},"_links":{"self":[{"href":"https:\/\/www.resen.cat\/index.php?rest_route=\/wp\/v2\/pages\/147"}],"collection":[{"href":"https:\/\/www.resen.cat\/index.php?rest_route=\/wp\/v2\/pages"}],"about":[{"href":"https:\/\/www.resen.cat\/index.php?rest_route=\/wp\/v2\/types\/page"}],"author":[{"embeddable":true,"href":"https:\/\/www.resen.cat\/index.php?rest_route=\/wp\/v2\/users\/1"}],"replies":[{"embeddable":true,"href":"https:\/\/www.resen.cat\/index.php?rest_route=%2Fwp%2Fv2%2Fcomments&post=147"}],"version-history":[{"count":27,"href":"https:\/\/www.resen.cat\/index.php?rest_route=\/wp\/v2\/pages\/147\/revisions"}],"predecessor-version":[{"id":372,"href":"https:\/\/www.resen.cat\/index.php?rest_route=\/wp\/v2\/pages\/147\/revisions\/372"}],"wp:attachment":[{"href":"https:\/\/www.resen.cat\/index.php?rest_route=%2Fwp%2Fv2%2Fmedia&parent=147"}],"curies":[{"name":"wp","href":"https:\/\/api.w.org\/{rel}","templated":true}]}}