{"id":141,"date":"2018-09-24T11:18:38","date_gmt":"2018-09-24T11:18:38","guid":{"rendered":"http:\/\/www.resen.cat\/?page_id=141"},"modified":"2022-09-09T07:27:08","modified_gmt":"2022-09-09T07:27:08","slug":"gas","status":"publish","type":"page","link":"https:\/\/www.resen.cat\/?page_id=141","title":{"rendered":"Gas"},"content":{"rendered":"<table>\n<tbody>\n<tr>\n<td width=\"60%\">Realizamos todo tipo de instalaciones y reparaciones dom\u00e9sticas e industriales.<p><\/p>\n<p>Venta e instalaci\u00f3n de Calderas y Calentadores.<\/p>\n<p>Servicios T\u00e9cnicos Presenciales (STP), mantenimiento de instalaciones y equipos de gas y el\u00e9ctricos.<\/p>\n<\/td>\n<td><a href=\"http:\/\/www.resen.cat\/wp-content\/uploads\/2021\/03\/gas.png\"><img loading=\"lazy\" decoding=\"async\" class=\"alignright wp-image-185 size-medium\" src=\"http:\/\/www.resen.cat\/wp-content\/uploads\/2021\/03\/gas-300x236.png\" alt=\"\" width=\"300\" height=\"236\" srcset=\"https:\/\/www.resen.cat\/wp-content\/uploads\/2021\/03\/gas-300x236.png 300w, https:\/\/www.resen.cat\/wp-content\/uploads\/2021\/03\/gas.png 670w\" sizes=\"(max-width: 300px) 100vw, 300px\" \/><\/a><\/td>\n<\/tr>\n<\/tbody>\n<\/table>\n\n\n<p><\/p>\n\n\n\n<figure class=\"wp-block-image size-large\"><img loading=\"lazy\" decoding=\"async\" width=\"800\" height=\"500\" src=\"http:\/\/www.resen.cat\/wp-content\/uploads\/2022\/09\/AF_ENDESA_canales_800x500_CASTELLANO_SEPTIEMBRE_INF-5.jpg\" alt=\"\" class=\"wp-image-366\" srcset=\"https:\/\/www.resen.cat\/wp-content\/uploads\/2022\/09\/AF_ENDESA_canales_800x500_CASTELLANO_SEPTIEMBRE_INF-5.jpg 800w, https:\/\/www.resen.cat\/wp-content\/uploads\/2022\/09\/AF_ENDESA_canales_800x500_CASTELLANO_SEPTIEMBRE_INF-5-300x188.jpg 300w, https:\/\/www.resen.cat\/wp-content\/uploads\/2022\/09\/AF_ENDESA_canales_800x500_CASTELLANO_SEPTIEMBRE_INF-5-768x480.jpg 768w\" sizes=\"(max-width: 800px) 100vw, 800px\" \/><\/figure>\n","protected":false},"excerpt":{"rendered":"<p>Realizamos todo tipo de instalaciones y reparaciones dom\u00e9sticas e industriales. Venta e instalaci\u00f3n de Calderas y Calentadores. Servicios T\u00e9cnicos Presenciales (STP), mantenimiento de instalaciones y equipos de gas y el\u00e9ctricos.<\/p>\n","protected":false},"author":1,"featured_media":0,"parent":0,"menu_order":0,"comment_status":"closed","ping_status":"closed","template":"page-full.php","meta":{"footnotes":""},"yoast_head":"<!-- This site is optimized with the Yoast SEO plugin v22.2 - https:\/\/yoast.com\/wordpress\/plugins\/seo\/ -->\n<title>Gas - Resen<\/title>\n<meta name=\"robots\" content=\"index, follow, max-snippet:-1, max-image-preview:large, max-video-preview:-1\" \/>\n<link rel=\"canonical\" href=\"https:\/\/www.resen.cat\/?page_id=141\" \/>\n<meta property=\"og:locale\" content=\"es_ES\" \/>\n<meta property=\"og:type\" content=\"article\" \/>\n<meta property=\"og:title\" content=\"Gas - Resen\" \/>\n<meta property=\"og:description\" content=\"Realizamos todo tipo de instalaciones y reparaciones dom\u00e9sticas e industriales. Venta e instalaci\u00f3n de Calderas y Calentadores. Servicios T\u00e9cnicos Presenciales (STP), mantenimiento de instalaciones y equipos de gas y el\u00e9ctricos.\" \/>\n<meta property=\"og:url\" content=\"https:\/\/www.resen.cat\/?page_id=141\" \/>\n<meta property=\"og:site_name\" content=\"Resen\" \/>\n<meta property=\"article:modified_time\" content=\"2022-09-09T07:27:08+00:00\" \/>\n<meta property=\"og:image\" content=\"http:\/\/www.resen.cat\/wp-content\/uploads\/2021\/03\/gas-300x236.png\" \/>\n<meta name=\"twitter:card\" content=\"summary_large_image\" \/>\n<script type=\"application\/ld+json\" class=\"yoast-schema-graph\">{\"@context\":\"https:\/\/schema.org\",\"@graph\":[{\"@type\":\"WebPage\",\"@id\":\"https:\/\/www.resen.cat\/?page_id=141\",\"url\":\"https:\/\/www.resen.cat\/?page_id=141\",\"name\":\"Gas - Resen\",\"isPartOf\":{\"@id\":\"http:\/\/www.resen.cat\/#website\"},\"primaryImageOfPage\":{\"@id\":\"https:\/\/www.resen.cat\/?page_id=141#primaryimage\"},\"image\":{\"@id\":\"https:\/\/www.resen.cat\/?page_id=141#primaryimage\"},\"thumbnailUrl\":\"http:\/\/www.resen.cat\/wp-content\/uploads\/2021\/03\/gas-300x236.png\",\"datePublished\":\"2018-09-24T11:18:38+00:00\",\"dateModified\":\"2022-09-09T07:27:08+00:00\",\"breadcrumb\":{\"@id\":\"https:\/\/www.resen.cat\/?page_id=141#breadcrumb\"},\"inLanguage\":\"es\",\"potentialAction\":[{\"@type\":\"ReadAction\",\"target\":[\"https:\/\/www.resen.cat\/?page_id=141\"]}]},{\"@type\":\"ImageObject\",\"inLanguage\":\"es\",\"@id\":\"https:\/\/www.resen.cat\/?page_id=141#primaryimage\",\"url\":\"https:\/\/www.resen.cat\/wp-content\/uploads\/2021\/03\/gas.png\",\"contentUrl\":\"https:\/\/www.resen.cat\/wp-content\/uploads\/2021\/03\/gas.png\",\"width\":670,\"height\":527},{\"@type\":\"BreadcrumbList\",\"@id\":\"https:\/\/www.resen.cat\/?page_id=141#breadcrumb\",\"itemListElement\":[{\"@type\":\"ListItem\",\"position\":1,\"name\":\"Portada\",\"item\":\"http:\/\/www.resen.cat\/\"},{\"@type\":\"ListItem\",\"position\":2,\"name\":\"Gas\"}]},{\"@type\":\"WebSite\",\"@id\":\"http:\/\/www.resen.cat\/#website\",\"url\":\"http:\/\/www.resen.cat\/\",\"name\":\"Resen\",\"description\":\"Realizaci\u00f3n de estudios y servicios energeticos\",\"potentialAction\":[{\"@type\":\"SearchAction\",\"target\":{\"@type\":\"EntryPoint\",\"urlTemplate\":\"http:\/\/www.resen.cat\/?s={search_term_string}\"},\"query-input\":\"required name=search_term_string\"}],\"inLanguage\":\"es\"}]}<\/script>\n<!-- \/ Yoast SEO plugin. -->","yoast_head_json":{"title":"Gas - Resen","robots":{"index":"index","follow":"follow","max-snippet":"max-snippet:-1","max-image-preview":"max-image-preview:large","max-video-preview":"max-video-preview:-1"},"canonical":"https:\/\/www.resen.cat\/?page_id=141","og_locale":"es_ES","og_type":"article","og_title":"Gas - Resen","og_description":"Realizamos todo tipo de instalaciones y reparaciones dom\u00e9sticas e industriales. Venta e instalaci\u00f3n de Calderas y Calentadores. Servicios T\u00e9cnicos Presenciales (STP), mantenimiento de instalaciones y equipos de gas y el\u00e9ctricos.","og_url":"https:\/\/www.resen.cat\/?page_id=141","og_site_name":"Resen","article_modified_time":"2022-09-09T07:27:08+00:00","og_image":[{"url":"http:\/\/www.resen.cat\/wp-content\/uploads\/2021\/03\/gas-300x236.png"}],"twitter_card":"summary_large_image","schema":{"@context":"https:\/\/schema.org","@graph":[{"@type":"WebPage","@id":"https:\/\/www.resen.cat\/?page_id=141","url":"https:\/\/www.resen.cat\/?page_id=141","name":"Gas - Resen","isPartOf":{"@id":"http:\/\/www.resen.cat\/#website"},"primaryImageOfPage":{"@id":"https:\/\/www.resen.cat\/?page_id=141#primaryimage"},"image":{"@id":"https:\/\/www.resen.cat\/?page_id=141#primaryimage"},"thumbnailUrl":"http:\/\/www.resen.cat\/wp-content\/uploads\/2021\/03\/gas-300x236.png","datePublished":"2018-09-24T11:18:38+00:00","dateModified":"2022-09-09T07:27:08+00:00","breadcrumb":{"@id":"https:\/\/www.resen.cat\/?page_id=141#breadcrumb"},"inLanguage":"es","potentialAction":[{"@type":"ReadAction","target":["https:\/\/www.resen.cat\/?page_id=141"]}]},{"@type":"ImageObject","inLanguage":"es","@id":"https:\/\/www.resen.cat\/?page_id=141#primaryimage","url":"https:\/\/www.resen.cat\/wp-content\/uploads\/2021\/03\/gas.png","contentUrl":"https:\/\/www.resen.cat\/wp-content\/uploads\/2021\/03\/gas.png","width":670,"height":527},{"@type":"BreadcrumbList","@id":"https:\/\/www.resen.cat\/?page_id=141#breadcrumb","itemListElement":[{"@type":"ListItem","position":1,"name":"Portada","item":"http:\/\/www.resen.cat\/"},{"@type":"ListItem","position":2,"name":"Gas"}]},{"@type":"WebSite","@id":"http:\/\/www.resen.cat\/#website","url":"http:\/\/www.resen.cat\/","name":"Resen","description":"Realizaci\u00f3n de estudios y servicios energeticos","potentialAction":[{"@type":"SearchAction","target":{"@type":"EntryPoint","urlTemplate":"http:\/\/www.resen.cat\/?s={search_term_string}"},"query-input":"required name=search_term_string"}],"inLanguage":"es"}]}},"_links":{"self":[{"href":"https:\/\/www.resen.cat\/index.php?rest_route=\/wp\/v2\/pages\/141"}],"collection":[{"href":"https:\/\/www.resen.cat\/index.php?rest_route=\/wp\/v2\/pages"}],"about":[{"href":"https:\/\/www.resen.cat\/index.php?rest_route=\/wp\/v2\/types\/page"}],"author":[{"embeddable":true,"href":"https:\/\/www.resen.cat\/index.php?rest_route=\/wp\/v2\/users\/1"}],"replies":[{"embeddable":true,"href":"https:\/\/www.resen.cat\/index.php?rest_route=%2Fwp%2Fv2%2Fcomments&post=141"}],"version-history":[{"count":9,"href":"https:\/\/www.resen.cat\/index.php?rest_route=\/wp\/v2\/pages\/141\/revisions"}],"predecessor-version":[{"id":450,"href":"https:\/\/www.resen.cat\/index.php?rest_route=\/wp\/v2\/pages\/141\/revisions\/450"}],"wp:attachment":[{"href":"https:\/\/www.resen.cat\/index.php?rest_route=%2Fwp%2Fv2%2Fmedia&parent=141"}],"curies":[{"name":"wp","href":"https:\/\/api.w.org\/{rel}","templated":true}]}}